{"id":98,"date":"2022-08-24T10:26:16","date_gmt":"2022-08-24T10:26:16","guid":{"rendered":"http:\/\/www.brain-connections.com\/index.php\/about-us\/"},"modified":"2023-02-03T12:24:03","modified_gmt":"2023-02-03T12:24:03","slug":"about-us","status":"publish","type":"page","link":"https:\/\/www.brain-connections.com\/index.php\/about-us\/","title":{"rendered":"Nosotros"},"content":{"rendered":"\t\t<div data-elementor-type=\"wp-page\" data-elementor-id=\"98\" class=\"elementor elementor-98\" data-elementor-post-type=\"page\">\n\t\t\t\t\t\t<section class=\"elementor-section elementor-top-section elementor-element elementor-element-33a9d94b elementor-section-full_width elementor-section-height-min-height elementor-section-content-middle elementor-section-height-default elementor-section-items-middle\" data-id=\"33a9d94b\" data-element_type=\"section\">\n\t\t\t\t\t\t<div class=\"elementor-container elementor-column-gap-no\">\n\t\t\t\t\t<div class=\"elementor-column elementor-col-100 elementor-top-column elementor-element elementor-element-38e3c072\" data-id=\"38e3c072\" data-element_type=\"column\">\n\t\t\t<div class=\"elementor-widget-wrap elementor-element-populated\">\n\t\t\t\t\t\t<div class=\"elementor-element elementor-element-2656f382 elementor-widget elementor-widget-heading\" data-id=\"2656f382\" data-element_type=\"widget\" data-widget_type=\"heading.default\">\n\t\t\t\t<div class=\"elementor-widget-container\">\n\t\t\t\t\t<h4 class=\"elementor-heading-title elementor-size-default\">qui\u00e9n SOY<\/h4>\t\t\t\t<\/div>\n\t\t\t\t<\/div>\n\t\t\t\t<div class=\"elementor-element elementor-element-62e1dcd elementor-widget__width-auto elementor-absolute elementor-view-default elementor-widget elementor-widget-icon\" data-id=\"62e1dcd\" data-element_type=\"widget\" data-settings=\"{&quot;_position&quot;:&quot;absolute&quot;}\" data-widget_type=\"icon.default\">\n\t\t\t\t<div class=\"elementor-widget-container\">\n\t\t\t\t\t\t\t<div class=\"elementor-icon-wrapper\">\n\t\t\t<div class=\"elementor-icon\">\n\t\t\t<i aria-hidden=\"true\" class=\"icon icon-mano-verde\"><\/i>\t\t\t<\/div>\n\t\t<\/div>\n\t\t\t\t\t\t<\/div>\n\t\t\t\t<\/div>\n\t\t\t\t\t<\/div>\n\t\t<\/div>\n\t\t\t\t\t<\/div>\n\t\t<\/section>\n\t\t\t\t<section class=\"elementor-section elementor-top-section elementor-element elementor-element-1ceec7b elementor-section-boxed elementor-section-height-default elementor-section-height-default\" data-id=\"1ceec7b\" data-element_type=\"section\">\n\t\t\t\t\t\t<div class=\"elementor-container elementor-column-gap-default\">\n\t\t\t\t\t<div class=\"elementor-column elementor-col-100 elementor-top-column elementor-element elementor-element-72fa29d\" data-id=\"72fa29d\" data-element_type=\"column\">\n\t\t\t<div class=\"elementor-widget-wrap elementor-element-populated\">\n\t\t\t\t\t\t<div class=\"elementor-element elementor-element-4169e26 elementor-widget elementor-widget-image\" data-id=\"4169e26\" data-element_type=\"widget\" data-widget_type=\"image.default\">\n\t\t\t\t<div class=\"elementor-widget-container\">\n\t\t\t\t\t\t\t\t\t\t\t\t\t\t\t<img fetchpriority=\"high\" decoding=\"async\" width=\"768\" height=\"512\" src=\"https:\/\/www.brain-connections.com\/wp-content\/uploads\/2022\/12\/blanca-001-min-768x512.jpg\" class=\"attachment-medium_large size-medium_large wp-image-881\" alt=\"brain connections\" srcset=\"https:\/\/www.brain-connections.com\/wp-content\/uploads\/2022\/12\/blanca-001-min-768x512.jpg 768w, https:\/\/www.brain-connections.com\/wp-content\/uploads\/2022\/12\/blanca-001-min-300x200.jpg 300w, https:\/\/www.brain-connections.com\/wp-content\/uploads\/2022\/12\/blanca-001-min-1024x683.jpg 1024w, https:\/\/www.brain-connections.com\/wp-content\/uploads\/2022\/12\/blanca-001-min.jpg 1440w\" sizes=\"(max-width: 768px) 100vw, 768px\" \/>\t\t\t\t\t\t\t\t\t\t\t\t\t\t\t<\/div>\n\t\t\t\t<\/div>\n\t\t\t\t\t<\/div>\n\t\t<\/div>\n\t\t\t\t\t<\/div>\n\t\t<\/section>\n\t\t\t\t<section class=\"elementor-section elementor-top-section elementor-element elementor-element-5d65a29 elementor-section-boxed elementor-section-height-default elementor-section-height-default\" data-id=\"5d65a29\" data-element_type=\"section\">\n\t\t\t\t\t\t<div class=\"elementor-container elementor-column-gap-default\">\n\t\t\t\t\t<div class=\"elementor-column elementor-col-100 elementor-top-column elementor-element elementor-element-799b71a\" data-id=\"799b71a\" data-element_type=\"column\">\n\t\t\t<div class=\"elementor-widget-wrap elementor-element-populated\">\n\t\t\t\t\t\t<div class=\"elementor-element elementor-element-b3775c2 elementor-widget elementor-widget-heading\" data-id=\"b3775c2\" data-element_type=\"widget\" data-widget_type=\"heading.default\">\n\t\t\t\t<div class=\"elementor-widget-container\">\n\t\t\t\t\t<h3 class=\"elementor-heading-title elementor-size-large\">Blanca salas Aguar\u00f3n<\/h3>\t\t\t\t<\/div>\n\t\t\t\t<\/div>\n\t\t\t\t<div class=\"elementor-element elementor-element-33edabf elementor-widget elementor-widget-heading\" data-id=\"33edabf\" data-element_type=\"widget\" data-widget_type=\"heading.default\">\n\t\t\t\t<div class=\"elementor-widget-container\">\n\t\t\t\t\t<h3 class=\"elementor-heading-title elementor-size-default\">Directora. \u00d3ptico Optometrista<\/h3>\t\t\t\t<\/div>\n\t\t\t\t<\/div>\n\t\t\t\t<div class=\"elementor-element elementor-element-7f9f63f elementor-widget elementor-widget-text-editor\" data-id=\"7f9f63f\" data-element_type=\"widget\" data-widget_type=\"text-editor.default\">\n\t\t\t\t<div class=\"elementor-widget-container\">\n\t\t\t\t\t\t\t\t\t<div class=\"l7ghb35v kjdc1dyq kmwttqpk gh25dzvf jikcssrz n3t5jt4f\"><div dir=\"auto\">Mi nombre es <strong>Blanca Salas.\u00a0<\/strong><\/div><div dir=\"auto\">\u00a0<\/div><div dir=\"auto\">\u00a0<\/div><\/div><div class=\"l7ghb35v kjdc1dyq kmwttqpk gh25dzvf jikcssrz n3t5jt4f\"><div dir=\"auto\">Soy \u00f3ptico <strong>Optometrista<\/strong>, tengo m\u00e1s de 10 a\u00f1os de <strong>experiencia <\/strong>en el campo de la \u00f3ptica y desde hace 4 a\u00f1os desarrollo mi trabajo realizando Terapia Visual.<\/div><\/div><div class=\"l7ghb35v kjdc1dyq kmwttqpk gh25dzvf jikcssrz n3t5jt4f\"><div dir=\"auto\">\u00a0<\/div><div dir=\"auto\">Durante estos a\u00f1os he realizado muchas formaciones sobre Optometr\u00eda, desarrollo, Terapia Visual, estrabismo, reflejos primitivos\u2026 que me han aportado los conocimientos y las bases sobre las que cimentar mi trabajo con los pacientes.<\/div><\/div><div class=\"l7ghb35v kjdc1dyq kmwttqpk gh25dzvf jikcssrz n3t5jt4f\"><div dir=\"auto\">\u00a0<\/div><div dir=\"auto\">En la consulta me encanta crear nuevos procedimientos de terapia y <strong>utilizar juegos de mesa como herramienta<\/strong> para trabajar diferentes habilidades visuales y motoras.<\/div><\/div><div dir=\"auto\">\u00a0<\/div><div dir=\"auto\">Si tuviera que elegir una de estas formaciones, elegir\u00eda el <strong>curso de alta especializaci\u00f3n en Optometr\u00eda y Terapia Visua<\/strong>l porque cambi\u00f3 mi forma de ver la Optometr\u00eda, pasando de ser un conjunto de \u00e1mbitos independientes a mostrarse como un sistema unificado. Adem\u00e1s, entend\u00ed el funcionamiento del sistema visual y qu\u00e9 ejercicios son los m\u00e1s adecuados para tratar cada una de las dificultades que presentan los pacientes.<\/div><div dir=\"auto\">\u00a0<\/div><div dir=\"auto\">Actualmente dirijo mi propio <strong>centro de Optometr\u00eda en Beasain<\/strong> donde aplico todos los conocimientos que he adquirido estos a\u00f1os con el objetivo de ayudar a personas que tienen dificultades visuales y quieren superarlas para cambiar su vida.<\/div><div class=\"l7ghb35v kjdc1dyq kmwttqpk gh25dzvf jikcssrz n3t5jt4f\"><div dir=\"auto\">\u00a0<\/div><div dir=\"auto\">Cada d\u00eda intento que mis sesiones de trabajo sean divertidas, cercanas e ilusionantes.<\/div><\/div><div class=\"l7ghb35v kjdc1dyq kmwttqpk gh25dzvf jikcssrz n3t5jt4f\"><div dir=\"auto\">\u00a0<\/div><div dir=\"auto\"><strong>\u00bfVienes a conocerme?<\/strong><\/div><\/div>\t\t\t\t\t\t\t\t<\/div>\n\t\t\t\t<\/div>\n\t\t\t\t\t<\/div>\n\t\t<\/div>\n\t\t\t\t\t<\/div>\n\t\t<\/section>\n\t\t\t\t<section class=\"elementor-section elementor-top-section elementor-element elementor-element-078b17f elementor-section-boxed elementor-section-height-default elementor-section-height-default\" data-id=\"078b17f\" data-element_type=\"section\">\n\t\t\t\t\t\t<div class=\"elementor-container elementor-column-gap-default\">\n\t\t\t\t\t<div class=\"elementor-column elementor-col-100 elementor-top-column elementor-element elementor-element-08daa9e\" data-id=\"08daa9e\" data-element_type=\"column\">\n\t\t\t<div class=\"elementor-widget-wrap elementor-element-populated\">\n\t\t\t\t\t\t<div class=\"elementor-element elementor-element-8747591 elementor-widget elementor-widget-image\" data-id=\"8747591\" data-element_type=\"widget\" data-widget_type=\"image.default\">\n\t\t\t\t<div class=\"elementor-widget-container\">\n\t\t\t\t\t\t\t\t\t\t\t\t\t\t\t<img decoding=\"async\" width=\"768\" height=\"555\" src=\"https:\/\/www.brain-connections.com\/wp-content\/uploads\/2022\/12\/blanca-004-min-768x555.jpg\" class=\"attachment-medium_large size-medium_large wp-image-896\" alt=\"Optometria eta ikusmen terapia\" srcset=\"https:\/\/www.brain-connections.com\/wp-content\/uploads\/2022\/12\/blanca-004-min-768x555.jpg 768w, https:\/\/www.brain-connections.com\/wp-content\/uploads\/2022\/12\/blanca-004-min-300x217.jpg 300w, https:\/\/www.brain-connections.com\/wp-content\/uploads\/2022\/12\/blanca-004-min-1024x741.jpg 1024w, https:\/\/www.brain-connections.com\/wp-content\/uploads\/2022\/12\/blanca-004-min.jpg 1185w\" sizes=\"(max-width: 768px) 100vw, 768px\" \/>\t\t\t\t\t\t\t\t\t\t\t\t\t\t\t<\/div>\n\t\t\t\t<\/div>\n\t\t\t\t\t<\/div>\n\t\t<\/div>\n\t\t\t\t\t<\/div>\n\t\t<\/section>\n\t\t\t\t<section class=\"elementor-section elementor-top-section elementor-element elementor-element-25af6ab elementor-section-boxed elementor-section-height-default elementor-section-height-default\" data-id=\"25af6ab\" data-element_type=\"section\">\n\t\t\t\t\t\t<div class=\"elementor-container elementor-column-gap-no\">\n\t\t\t\t\t<div class=\"elementor-column elementor-col-100 elementor-top-column elementor-element elementor-element-47668274\" data-id=\"47668274\" data-element_type=\"column\">\n\t\t\t<div class=\"elementor-widget-wrap elementor-element-populated\">\n\t\t\t\t\t\t<div class=\"elementor-element elementor-element-53508de3 elementor-blockquote--skin-clean elementor-blockquote--align-center elementor-blockquote--button-color-official elementor-widget elementor-widget-blockquote\" data-id=\"53508de3\" data-element_type=\"widget\" data-widget_type=\"blockquote.default\">\n\t\t\t\t<div class=\"elementor-widget-container\">\n\t\t\t\t\t\t\t<blockquote class=\"elementor-blockquote\">\n\t\t\t<p class=\"elementor-blockquote__content\">\n\t\t\t\t\u201cNuestro principal objetivo es conseguir que nuestros usuarios mediante un trabajo constante avancen con nosotros\u201d\t\t\t<\/p>\n\t\t\t\t\t\t\t<div class=\"e-q-footer\">\n\t\t\t\t\t\t\t\t\t\t\t<cite class=\"elementor-blockquote__author\">- Blanca Salas, Fundadora de Brain Connections -<\/cite>\n\t\t\t\t\t\t\t\t\t\t\t\t\t\t<\/div>\n\t\t\t\t\t<\/blockquote>\n\t\t\t\t\t\t<\/div>\n\t\t\t\t<\/div>\n\t\t\t\t\t<\/div>\n\t\t<\/div>\n\t\t\t\t\t<\/div>\n\t\t<\/section>\n\t\t\t\t<section class=\"elementor-section elementor-top-section elementor-element elementor-element-c7d56e8 elementor-section-boxed elementor-section-height-default elementor-section-height-default\" data-id=\"c7d56e8\" data-element_type=\"section\">\n\t\t\t\t\t\t<div class=\"elementor-container elementor-column-gap-default\">\n\t\t\t\t\t<div class=\"elementor-column elementor-col-66 elementor-top-column elementor-element elementor-element-ec7b0c0\" data-id=\"ec7b0c0\" data-element_type=\"column\">\n\t\t\t<div class=\"elementor-widget-wrap\">\n\t\t\t\t\t\t\t<\/div>\n\t\t<\/div>\n\t\t\t\t<div class=\"elementor-column elementor-col-33 elementor-top-column elementor-element elementor-element-268033f\" data-id=\"268033f\" data-element_type=\"column\">\n\t\t\t<div class=\"elementor-widget-wrap\">\n\t\t\t\t\t\t\t<\/div>\n\t\t<\/div>\n\t\t\t\t\t<\/div>\n\t\t<\/section>\n\t\t\t\t<\/div>\n\t\t","protected":false},"excerpt":{"rendered":"<p>qui\u00e9n SOY Blanca salas Aguar\u00f3n Directora. \u00d3ptico Optometrista Mi nombre es Blanca Salas.\u00a0\u00a0\u00a0Soy \u00f3ptico Optometrista, tengo m\u00e1s de 10 a\u00f1os de experiencia en el campo de la \u00f3ptica y desde hace 4 a\u00f1os desarrollo mi trabajo realizando Terapia Visual.\u00a0Durante estos a\u00f1os he realizado muchas formaciones sobre Optometr\u00eda, desarrollo, Terapia Visual, estrabismo, reflejos primitivos\u2026 que me [&hellip;]<\/p>\n","protected":false},"author":1,"featured_media":0,"parent":0,"menu_order":0,"comment_status":"closed","ping_status":"closed","template":"elementor_header_footer","meta":{"_joinchat":[],"footnotes":""},"class_list":["post-98","page","type-page","status-publish","hentry"],"yoast_head":"<!-- This site is optimized with the Yoast SEO plugin v24.5 - https:\/\/yoast.com\/wordpress\/plugins\/seo\/ -->\n<title>Nosotros - Brain Connections<\/title>\n<meta name=\"robots\" content=\"index, follow, max-snippet:-1, max-image-preview:large, max-video-preview:-1\" \/>\n<link rel=\"canonical\" href=\"https:\/\/www.brain-connections.com\/index.php\/about-us\/\" \/>\n<meta property=\"og:locale\" content=\"es_ES\" \/>\n<meta property=\"og:type\" content=\"article\" \/>\n<meta property=\"og:title\" content=\"Nosotros - Brain Connections\" \/>\n<meta property=\"og:description\" content=\"qui\u00e9n SOY Blanca salas Aguar\u00f3n Directora. \u00d3ptico Optometrista Mi nombre es Blanca Salas.\u00a0\u00a0\u00a0Soy \u00f3ptico Optometrista, tengo m\u00e1s de 10 a\u00f1os de experiencia en el campo de la \u00f3ptica y desde hace 4 a\u00f1os desarrollo mi trabajo realizando Terapia Visual.\u00a0Durante estos a\u00f1os he realizado muchas formaciones sobre Optometr\u00eda, desarrollo, Terapia Visual, estrabismo, reflejos primitivos\u2026 que me [&hellip;]\" \/>\n<meta property=\"og:url\" content=\"https:\/\/www.brain-connections.com\/index.php\/about-us\/\" \/>\n<meta property=\"og:site_name\" content=\"Brain Connections\" \/>\n<meta property=\"article:modified_time\" content=\"2023-02-03T12:24:03+00:00\" \/>\n<meta property=\"og:image\" content=\"https:\/\/www.brain-connections.com\/wp-content\/uploads\/2022\/12\/blanca-001-min-768x512.jpg\" \/>\n<meta name=\"twitter:card\" content=\"summary_large_image\" \/>\n<meta name=\"twitter:label1\" content=\"Tiempo de lectura\" \/>\n\t<meta name=\"twitter:data1\" content=\"2 minutos\" \/>\n<script type=\"application\/ld+json\" class=\"yoast-schema-graph\">{\"@context\":\"https:\/\/schema.org\",\"@graph\":[{\"@type\":\"WebPage\",\"@id\":\"https:\/\/www.brain-connections.com\/index.php\/about-us\/\",\"url\":\"https:\/\/www.brain-connections.com\/index.php\/about-us\/\",\"name\":\"Nosotros - Brain Connections\",\"isPartOf\":{\"@id\":\"https:\/\/www.brain-connections.com\/#website\"},\"primaryImageOfPage\":{\"@id\":\"https:\/\/www.brain-connections.com\/index.php\/about-us\/#primaryimage\"},\"image\":{\"@id\":\"https:\/\/www.brain-connections.com\/index.php\/about-us\/#primaryimage\"},\"thumbnailUrl\":\"https:\/\/www.brain-connections.com\/wp-content\/uploads\/2022\/12\/blanca-001-min-768x512.jpg\",\"datePublished\":\"2022-08-24T10:26:16+00:00\",\"dateModified\":\"2023-02-03T12:24:03+00:00\",\"breadcrumb\":{\"@id\":\"https:\/\/www.brain-connections.com\/index.php\/about-us\/#breadcrumb\"},\"inLanguage\":\"es\",\"potentialAction\":[{\"@type\":\"ReadAction\",\"target\":[\"https:\/\/www.brain-connections.com\/index.php\/about-us\/\"]}]},{\"@type\":\"ImageObject\",\"inLanguage\":\"es\",\"@id\":\"https:\/\/www.brain-connections.com\/index.php\/about-us\/#primaryimage\",\"url\":\"https:\/\/www.brain-connections.com\/wp-content\/uploads\/2022\/12\/blanca-001-min.jpg\",\"contentUrl\":\"https:\/\/www.brain-connections.com\/wp-content\/uploads\/2022\/12\/blanca-001-min.jpg\",\"width\":1440,\"height\":960,\"caption\":\"Centro de optometr\u00eda en Beasain\"},{\"@type\":\"BreadcrumbList\",\"@id\":\"https:\/\/www.brain-connections.com\/index.php\/about-us\/#breadcrumb\",\"itemListElement\":[{\"@type\":\"ListItem\",\"position\":1,\"name\":\"Portada\",\"item\":\"https:\/\/www.brain-connections.com\/\"},{\"@type\":\"ListItem\",\"position\":2,\"name\":\"Nosotros\"}]},{\"@type\":\"WebSite\",\"@id\":\"https:\/\/www.brain-connections.com\/#website\",\"url\":\"https:\/\/www.brain-connections.com\/\",\"name\":\"Brain Connections\",\"description\":\"Terapia Visual en Beasain, Gipuzkoa\",\"publisher\":{\"@id\":\"https:\/\/www.brain-connections.com\/#organization\"},\"potentialAction\":[{\"@type\":\"SearchAction\",\"target\":{\"@type\":\"EntryPoint\",\"urlTemplate\":\"https:\/\/www.brain-connections.com\/?s={search_term_string}\"},\"query-input\":{\"@type\":\"PropertyValueSpecification\",\"valueRequired\":true,\"valueName\":\"search_term_string\"}}],\"inLanguage\":\"es\"},{\"@type\":\"Organization\",\"@id\":\"https:\/\/www.brain-connections.com\/#organization\",\"name\":\"Brain Connections\",\"url\":\"https:\/\/www.brain-connections.com\/\",\"logo\":{\"@type\":\"ImageObject\",\"inLanguage\":\"es\",\"@id\":\"https:\/\/www.brain-connections.com\/#\/schema\/logo\/image\/\",\"url\":\"https:\/\/www.brain-connections.com\/wp-content\/uploads\/2022\/08\/Logo-web-png.png\",\"contentUrl\":\"https:\/\/www.brain-connections.com\/wp-content\/uploads\/2022\/08\/Logo-web-png.png\",\"width\":630,\"height\":240,\"caption\":\"Brain Connections\"},\"image\":{\"@id\":\"https:\/\/www.brain-connections.com\/#\/schema\/logo\/image\/\"}}]}<\/script>\n<!-- \/ Yoast SEO plugin. -->","yoast_head_json":{"title":"Nosotros - Brain Connections","robots":{"index":"index","follow":"follow","max-snippet":"max-snippet:-1","max-image-preview":"max-image-preview:large","max-video-preview":"max-video-preview:-1"},"canonical":"https:\/\/www.brain-connections.com\/index.php\/about-us\/","og_locale":"es_ES","og_type":"article","og_title":"Nosotros - Brain Connections","og_description":"qui\u00e9n SOY Blanca salas Aguar\u00f3n Directora. \u00d3ptico Optometrista Mi nombre es Blanca Salas.\u00a0\u00a0\u00a0Soy \u00f3ptico Optometrista, tengo m\u00e1s de 10 a\u00f1os de experiencia en el campo de la \u00f3ptica y desde hace 4 a\u00f1os desarrollo mi trabajo realizando Terapia Visual.\u00a0Durante estos a\u00f1os he realizado muchas formaciones sobre Optometr\u00eda, desarrollo, Terapia Visual, estrabismo, reflejos primitivos\u2026 que me [&hellip;]","og_url":"https:\/\/www.brain-connections.com\/index.php\/about-us\/","og_site_name":"Brain Connections","article_modified_time":"2023-02-03T12:24:03+00:00","og_image":[{"url":"https:\/\/www.brain-connections.com\/wp-content\/uploads\/2022\/12\/blanca-001-min-768x512.jpg","type":"","width":"","height":""}],"twitter_card":"summary_large_image","twitter_misc":{"Tiempo de lectura":"2 minutos"},"schema":{"@context":"https:\/\/schema.org","@graph":[{"@type":"WebPage","@id":"https:\/\/www.brain-connections.com\/index.php\/about-us\/","url":"https:\/\/www.brain-connections.com\/index.php\/about-us\/","name":"Nosotros - Brain Connections","isPartOf":{"@id":"https:\/\/www.brain-connections.com\/#website"},"primaryImageOfPage":{"@id":"https:\/\/www.brain-connections.com\/index.php\/about-us\/#primaryimage"},"image":{"@id":"https:\/\/www.brain-connections.com\/index.php\/about-us\/#primaryimage"},"thumbnailUrl":"https:\/\/www.brain-connections.com\/wp-content\/uploads\/2022\/12\/blanca-001-min-768x512.jpg","datePublished":"2022-08-24T10:26:16+00:00","dateModified":"2023-02-03T12:24:03+00:00","breadcrumb":{"@id":"https:\/\/www.brain-connections.com\/index.php\/about-us\/#breadcrumb"},"inLanguage":"es","potentialAction":[{"@type":"ReadAction","target":["https:\/\/www.brain-connections.com\/index.php\/about-us\/"]}]},{"@type":"ImageObject","inLanguage":"es","@id":"https:\/\/www.brain-connections.com\/index.php\/about-us\/#primaryimage","url":"https:\/\/www.brain-connections.com\/wp-content\/uploads\/2022\/12\/blanca-001-min.jpg","contentUrl":"https:\/\/www.brain-connections.com\/wp-content\/uploads\/2022\/12\/blanca-001-min.jpg","width":1440,"height":960,"caption":"Centro de optometr\u00eda en Beasain"},{"@type":"BreadcrumbList","@id":"https:\/\/www.brain-connections.com\/index.php\/about-us\/#breadcrumb","itemListElement":[{"@type":"ListItem","position":1,"name":"Portada","item":"https:\/\/www.brain-connections.com\/"},{"@type":"ListItem","position":2,"name":"Nosotros"}]},{"@type":"WebSite","@id":"https:\/\/www.brain-connections.com\/#website","url":"https:\/\/www.brain-connections.com\/","name":"Brain Connections","description":"Terapia Visual en Beasain, Gipuzkoa","publisher":{"@id":"https:\/\/www.brain-connections.com\/#organization"},"potentialAction":[{"@type":"SearchAction","target":{"@type":"EntryPoint","urlTemplate":"https:\/\/www.brain-connections.com\/?s={search_term_string}"},"query-input":{"@type":"PropertyValueSpecification","valueRequired":true,"valueName":"search_term_string"}}],"inLanguage":"es"},{"@type":"Organization","@id":"https:\/\/www.brain-connections.com\/#organization","name":"Brain Connections","url":"https:\/\/www.brain-connections.com\/","logo":{"@type":"ImageObject","inLanguage":"es","@id":"https:\/\/www.brain-connections.com\/#\/schema\/logo\/image\/","url":"https:\/\/www.brain-connections.com\/wp-content\/uploads\/2022\/08\/Logo-web-png.png","contentUrl":"https:\/\/www.brain-connections.com\/wp-content\/uploads\/2022\/08\/Logo-web-png.png","width":630,"height":240,"caption":"Brain Connections"},"image":{"@id":"https:\/\/www.brain-connections.com\/#\/schema\/logo\/image\/"}}]}},"_links":{"self":[{"href":"https:\/\/www.brain-connections.com\/index.php\/wp-json\/wp\/v2\/pages\/98","targetHints":{"allow":["GET"]}}],"collection":[{"href":"https:\/\/www.brain-connections.com\/index.php\/wp-json\/wp\/v2\/pages"}],"about":[{"href":"https:\/\/www.brain-connections.com\/index.php\/wp-json\/wp\/v2\/types\/page"}],"author":[{"embeddable":true,"href":"https:\/\/www.brain-connections.com\/index.php\/wp-json\/wp\/v2\/users\/1"}],"replies":[{"embeddable":true,"href":"https:\/\/www.brain-connections.com\/index.php\/wp-json\/wp\/v2\/comments?post=98"}],"version-history":[{"count":57,"href":"https:\/\/www.brain-connections.com\/index.php\/wp-json\/wp\/v2\/pages\/98\/revisions"}],"predecessor-version":[{"id":1009,"href":"https:\/\/www.brain-connections.com\/index.php\/wp-json\/wp\/v2\/pages\/98\/revisions\/1009"}],"wp:attachment":[{"href":"https:\/\/www.brain-connections.com\/index.php\/wp-json\/wp\/v2\/media?parent=98"}],"curies":[{"name":"wp","href":"https:\/\/api.w.org\/{rel}","templated":true}]}}