{"id":804,"date":"2022-10-26T12:27:09","date_gmt":"2022-10-26T12:27:09","guid":{"rendered":"https:\/\/www.brain-connections.com\/?page_id=804"},"modified":"2023-02-10T11:45:40","modified_gmt":"2023-02-10T11:45:40","slug":"dificultades-de-aprendizaje","status":"publish","type":"page","link":"https:\/\/www.brain-connections.com\/index.php\/dificultades-de-aprendizaje\/","title":{"rendered":"Mejora del rendimiento acad\u00e9mico"},"content":{"rendered":"\t\t<div data-elementor-type=\"wp-page\" data-elementor-id=\"804\" class=\"elementor elementor-804\" data-elementor-post-type=\"page\">\n\t\t\t\t\t\t<section class=\"elementor-section elementor-top-section elementor-element elementor-element-3ecd4238 elementor-section-full_width elementor-section-height-min-height elementor-section-items-stretch elementor-section-height-default\" data-id=\"3ecd4238\" data-element_type=\"section\">\n\t\t\t\t\t\t<div class=\"elementor-container elementor-column-gap-no\">\n\t\t\t\t\t<div class=\"elementor-column elementor-col-100 elementor-top-column elementor-element elementor-element-71983280\" data-id=\"71983280\" data-element_type=\"column\">\n\t\t\t<div class=\"elementor-widget-wrap elementor-element-populated\">\n\t\t\t\t\t\t<div class=\"elementor-element elementor-element-db7634e elementor-widget__width-auto elementor-absolute animated-slow elementor-view-default elementor-invisible elementor-widget elementor-widget-icon\" data-id=\"db7634e\" data-element_type=\"widget\" data-settings=\"{&quot;_position&quot;:&quot;absolute&quot;,&quot;motion_fx_motion_fx_scrolling&quot;:&quot;yes&quot;,&quot;motion_fx_rotateZ_effect&quot;:&quot;yes&quot;,&quot;motion_fx_devices&quot;:[&quot;desktop&quot;],&quot;_animation&quot;:&quot;fadeInLeft&quot;,&quot;motion_fx_scale_effect&quot;:&quot;yes&quot;,&quot;motion_fx_rotateZ_speed&quot;:{&quot;unit&quot;:&quot;px&quot;,&quot;size&quot;:1,&quot;sizes&quot;:[]},&quot;motion_fx_rotateZ_affectedRange&quot;:{&quot;unit&quot;:&quot;%&quot;,&quot;size&quot;:&quot;&quot;,&quot;sizes&quot;:{&quot;start&quot;:0,&quot;end&quot;:100}},&quot;motion_fx_scale_direction&quot;:&quot;out-in&quot;,&quot;motion_fx_scale_speed&quot;:{&quot;unit&quot;:&quot;px&quot;,&quot;size&quot;:4,&quot;sizes&quot;:[]},&quot;motion_fx_scale_range&quot;:{&quot;unit&quot;:&quot;%&quot;,&quot;size&quot;:&quot;&quot;,&quot;sizes&quot;:{&quot;start&quot;:20,&quot;end&quot;:80}}}\" data-widget_type=\"icon.default\">\n\t\t\t\t<div class=\"elementor-widget-container\">\n\t\t\t\t\t\t\t<div class=\"elementor-icon-wrapper\">\n\t\t\t<div class=\"elementor-icon\">\n\t\t\t<i aria-hidden=\"true\" class=\"icon icon-logo-ojo-rojo\"><\/i>\t\t\t<\/div>\n\t\t<\/div>\n\t\t\t\t\t\t<\/div>\n\t\t\t\t<\/div>\n\t\t\t\t<section class=\"elementor-section elementor-inner-section elementor-element elementor-element-bbf73d2 elementor-section-boxed elementor-section-height-default elementor-section-height-default\" data-id=\"bbf73d2\" data-element_type=\"section\">\n\t\t\t\t\t\t<div class=\"elementor-container elementor-column-gap-no\">\n\t\t\t\t\t<div class=\"elementor-column elementor-col-100 elementor-inner-column elementor-element elementor-element-5fc3d456\" data-id=\"5fc3d456\" data-element_type=\"column\">\n\t\t\t<div class=\"elementor-widget-wrap elementor-element-populated\">\n\t\t\t\t\t\t<div class=\"elementor-element elementor-element-3b295bc0 elementor-widget elementor-widget-heading\" data-id=\"3b295bc0\" data-element_type=\"widget\" data-widget_type=\"heading.default\">\n\t\t\t\t<div class=\"elementor-widget-container\">\n\t\t\t\t\t<h1 class=\"elementor-heading-title elementor-size-default\">dificultades en el rendimiento acad\u00e9mico<\/h1>\t\t\t\t<\/div>\n\t\t\t\t<\/div>\n\t\t\t\t<div class=\"elementor-element elementor-element-c20acb8 elementor-widget elementor-widget-heading\" data-id=\"c20acb8\" data-element_type=\"widget\" data-widget_type=\"heading.default\">\n\t\t\t\t<div class=\"elementor-widget-container\">\n\t\t\t\t\t<h3 class=\"elementor-heading-title elementor-size-default\">\u00bfC\u00f3mo influye la visi\u00f3n en el Rendimiento?<\/h3>\t\t\t\t<\/div>\n\t\t\t\t<\/div>\n\t\t\t\t<div class=\"elementor-element elementor-element-b6e8aca elementor-widget elementor-widget-text-editor\" data-id=\"b6e8aca\" data-element_type=\"widget\" data-widget_type=\"text-editor.default\">\n\t\t\t\t<div class=\"elementor-widget-container\">\n\t\t\t\t\t\t\t\t\t<p>Definimos la visi\u00f3n como la capacidad que tienen las personas para procesar la informaci\u00f3n visual que llega del entorno, dot\u00e1ndola de un significado y comprendiendo as\u00ed lo que ve a trav\u00e9s de sus ojos.<\/p>\n<p>Se entiende entonces que la visi\u00f3n es algo mucho m\u00e1s complejo que tener una agudeza visual de 1.0 o una visi\u00f3n en tres dimensiones de 40 segundos de arco.<\/p>\n<p>Por tanto la visi\u00f3n es un proceso global, en el que el sistema visual trabaja para identificar, interpretar y comprender lo que vemos.<\/p>\n<p>Aproximadamente el 80% de toda la informaci\u00f3n sensorial que recibimos es visual, por lo que es evidente que hablamos del sentido predominante en el ser humano. Este dato nos hace plantearnos que cuando nos encontramos con un paciente que tiene bajo rendimiento acad\u00e9mico, existen motivos para pensar que estas dificultades puedan estar asociadas con el sistema visual.<\/p>\n<p>Por otro lado, el aprendizaje escolar es en su mayor\u00eda lectoescritor, por lo que el ni\u00f1o procesa toda la informaci\u00f3n a trav\u00e9s de la visi\u00f3n y la audici\u00f3n.<\/p>\n<p>En definitiva, tener unos sistemas visual y auditivo eficaces son la llave para que un ni\u00f1o con inteligencia normal consiga un rendimiento acad\u00e9mico optimo.<\/p>\t\t\t\t\t\t\t\t<\/div>\n\t\t\t\t<\/div>\n\t\t\t\t\t<\/div>\n\t\t<\/div>\n\t\t\t\t\t<\/div>\n\t\t<\/section>\n\t\t\t\t<section class=\"elementor-section elementor-inner-section elementor-element elementor-element-ec612c0 elementor-section-boxed elementor-section-height-default elementor-section-height-default\" data-id=\"ec612c0\" data-element_type=\"section\">\n\t\t\t\t\t\t<div class=\"elementor-container elementor-column-gap-no\">\n\t\t\t\t\t<div class=\"elementor-column elementor-col-100 elementor-inner-column elementor-element elementor-element-85f3908\" data-id=\"85f3908\" data-element_type=\"column\">\n\t\t\t<div class=\"elementor-widget-wrap elementor-element-populated\">\n\t\t\t\t\t\t<div class=\"elementor-element elementor-element-444e2cd elementor-widget elementor-widget-heading\" data-id=\"444e2cd\" data-element_type=\"widget\" data-widget_type=\"heading.default\">\n\t\t\t\t<div class=\"elementor-widget-container\">\n\t\t\t\t\t<h3 class=\"elementor-heading-title elementor-size-default\">\u00bfQu\u00e9 habilidades visuales necesitamos para Rendir mejor?<\/h3>\t\t\t\t<\/div>\n\t\t\t\t<\/div>\n\t\t\t\t<div class=\"elementor-element elementor-element-efddbc0 elementor-widget elementor-widget-text-editor\" data-id=\"efddbc0\" data-element_type=\"widget\" data-widget_type=\"text-editor.default\">\n\t\t\t\t<div class=\"elementor-widget-container\">\n\t\t\t\t\t\t\t\t\t<p>La agudeza visual es imprescindible para poder discriminar detalles cada vez m\u00e1s peque\u00f1os.<\/p><p>Unos movimientos oculares \u00f3ptimos permiten realizar un movimiento r\u00e1pido y preciso de los ojos a lo largo de las l\u00edneas de un texto, as\u00ed como cambiar de la pizarra al cuaderno. Adem\u00e1s, son important\u00edsimos para algunos deportes como el tenis o b\u00e1dminton, donde la coordinaci\u00f3n ojo \u2013 mano es imprescindible.<\/p><p>Tener un enfoque preciso y autom\u00e1tico es b\u00e1sico para para poder realizar una tarea a unos 30 \u2013 40 cm de los ojos de manera prolongada y manteniendo la atenci\u00f3n.<\/p><p>La binocularidad bien desarrollada hace que en nuestro sistema visual los dos ojos trabajen como un equipo obteniendo un rendimiento como si fueran uno s\u00f3lo. De esta manera obtendremos una imagen simple de lo que leemos.<\/p><p>Las habilidades perceptuales se usan para procesar la informaci\u00f3n visual, trat\u00e1ndose de las herramientas de que disponemos para procesar lo que estudiamos.<\/p><p>Tener una evoluci\u00f3n \u00f3ptima desarrollando las competencias motoras b\u00e1sicas es fundamental para el aprendizaje.<\/p>\t\t\t\t\t\t\t\t<\/div>\n\t\t\t\t<\/div>\n\t\t\t\t<div class=\"elementor-element elementor-element-20f8826 animated-slow elementor-view-default elementor-invisible elementor-widget elementor-widget-icon\" data-id=\"20f8826\" data-element_type=\"widget\" data-settings=\"{&quot;_animation&quot;:&quot;fadeInRight&quot;}\" data-widget_type=\"icon.default\">\n\t\t\t\t<div class=\"elementor-widget-container\">\n\t\t\t\t\t\t\t<div class=\"elementor-icon-wrapper\">\n\t\t\t<div class=\"elementor-icon\">\n\t\t\t<i aria-hidden=\"true\" class=\"icon icon-estrella-azul\"><\/i>\t\t\t<\/div>\n\t\t<\/div>\n\t\t\t\t\t\t<\/div>\n\t\t\t\t<\/div>\n\t\t\t\t\t<\/div>\n\t\t<\/div>\n\t\t\t\t\t<\/div>\n\t\t<\/section>\n\t\t\t\t\t<\/div>\n\t\t<\/div>\n\t\t\t\t\t<\/div>\n\t\t<\/section>\n\t\t\t\t<section class=\"elementor-section elementor-top-section elementor-element elementor-element-82d468a elementor-section-full_width elementor-section-height-default elementor-section-height-default\" data-id=\"82d468a\" data-element_type=\"section\">\n\t\t\t\t\t\t<div class=\"elementor-container elementor-column-gap-no\">\n\t\t\t\t\t<div class=\"elementor-column elementor-col-100 elementor-top-column elementor-element elementor-element-10a0596\" data-id=\"10a0596\" data-element_type=\"column\">\n\t\t\t<div class=\"elementor-widget-wrap elementor-element-populated\">\n\t\t\t\t\t\t<section class=\"elementor-section elementor-inner-section elementor-element elementor-element-1a759d1 elementor-section-full_width elementor-section-height-default elementor-section-height-default\" data-id=\"1a759d1\" data-element_type=\"section\">\n\t\t\t\t\t\t<div class=\"elementor-container elementor-column-gap-no\">\n\t\t\t\t\t<div class=\"elementor-column elementor-col-100 elementor-inner-column elementor-element elementor-element-2c81924\" data-id=\"2c81924\" data-element_type=\"column\">\n\t\t\t<div class=\"elementor-widget-wrap elementor-element-populated\">\n\t\t\t\t\t\t<div class=\"elementor-element elementor-element-ed499bb elementor-widget elementor-widget-heading\" data-id=\"ed499bb\" data-element_type=\"widget\" data-widget_type=\"heading.default\">\n\t\t\t\t<div class=\"elementor-widget-container\">\n\t\t\t\t\t<h2 class=\"elementor-heading-title elementor-size-default\">\u00bfQu\u00e9 s\u00edntomas escolares est\u00e1n asociados a problemas visuales?<\/h2>\t\t\t\t<\/div>\n\t\t\t\t<\/div>\n\t\t\t\t\t<\/div>\n\t\t<\/div>\n\t\t\t\t\t<\/div>\n\t\t<\/section>\n\t\t\t\t\t<\/div>\n\t\t<\/div>\n\t\t\t\t\t<\/div>\n\t\t<\/section>\n\t\t\t\t<section class=\"elementor-section elementor-top-section elementor-element elementor-element-2d15141 elementor-section-full_width elementor-section-height-default elementor-section-height-default\" data-id=\"2d15141\" data-element_type=\"section\">\n\t\t\t\t\t\t<div class=\"elementor-container elementor-column-gap-no\">\n\t\t\t\t\t<div class=\"elementor-column elementor-col-100 elementor-top-column elementor-element elementor-element-c1b0cd7\" data-id=\"c1b0cd7\" data-element_type=\"column\">\n\t\t\t<div class=\"elementor-widget-wrap elementor-element-populated\">\n\t\t\t\t\t\t<section class=\"elementor-section elementor-inner-section elementor-element elementor-element-e9bba00 elementor-section-full_width elementor-section-height-default elementor-section-height-default\" data-id=\"e9bba00\" data-element_type=\"section\">\n\t\t\t\t\t\t<div class=\"elementor-container elementor-column-gap-no\">\n\t\t\t\t\t<div class=\"elementor-column elementor-col-50 elementor-inner-column elementor-element elementor-element-0711805\" data-id=\"0711805\" data-element_type=\"column\">\n\t\t\t<div class=\"elementor-widget-wrap elementor-element-populated\">\n\t\t\t\t\t\t<div class=\"elementor-element elementor-element-7afcd12 elementor-widget elementor-widget-text-editor\" data-id=\"7afcd12\" data-element_type=\"widget\" data-widget_type=\"text-editor.default\">\n\t\t\t\t<div class=\"elementor-widget-container\">\n\t\t\t\t\t\t\t\t\t<ul><li><p>No comprende lo que lee.<\/p><\/li><li><p>Mueve la cabeza cuando lee.<\/p><\/li><li><p>Invierte letras o palabras.<\/p><\/li><li><p>Solo aprende si alguien se lo lee.<\/p><\/li><li><p>Los deberes son motivo de discusi\u00f3n.<\/p><\/li><li><p>Se salta palabras cuando lee.<\/p><\/li><li>Dificultad con las tijeras u otras herramientas.<\/li><\/ul>\t\t\t\t\t\t\t\t<\/div>\n\t\t\t\t<\/div>\n\t\t\t\t\t<\/div>\n\t\t<\/div>\n\t\t\t\t<div class=\"elementor-column elementor-col-50 elementor-inner-column elementor-element elementor-element-e8e1ed2\" data-id=\"e8e1ed2\" data-element_type=\"column\">\n\t\t\t<div class=\"elementor-widget-wrap elementor-element-populated\">\n\t\t\t\t\t\t<div class=\"elementor-element elementor-element-531b818 elementor-widget elementor-widget-text-editor\" data-id=\"531b818\" data-element_type=\"widget\" data-widget_type=\"text-editor.default\">\n\t\t\t\t<div class=\"elementor-widget-container\">\n\t\t\t\t\t\t\t\t\t<ul><li><p>Sigue la lectura con el dedo.<\/p><\/li><li><p>Se cansa cuando escribe.<\/p><\/li><li><p>Abandona la tarea.<\/p><\/li><li><p>Se tumba sobre la mesa.<\/p><\/li><li><p>Adopta malas posturas al estudiar.<\/p><\/li><li><p>Las notas no se corresponden con el esfuerzo realizado.<\/p><\/li><li><p>Se sabe la lecci\u00f3n pero no hace bien los ex\u00e1menes.<\/p><\/li><\/ul>\t\t\t\t\t\t\t\t<\/div>\n\t\t\t\t<\/div>\n\t\t\t\t\t<\/div>\n\t\t<\/div>\n\t\t\t\t\t<\/div>\n\t\t<\/section>\n\t\t\t\t\t<\/div>\n\t\t<\/div>\n\t\t\t\t\t<\/div>\n\t\t<\/section>\n\t\t\t\t<\/div>\n\t\t","protected":false},"excerpt":{"rendered":"<p>dificultades en el rendimiento acad\u00e9mico \u00bfC\u00f3mo influye la visi\u00f3n en el Rendimiento? Definimos la visi\u00f3n como la capacidad que tienen las personas para procesar la informaci\u00f3n visual que llega del entorno, dot\u00e1ndola de un significado y comprendiendo as\u00ed lo que ve a trav\u00e9s de sus ojos. Se entiende entonces que la visi\u00f3n es algo mucho [&hellip;]<\/p>\n","protected":false},"author":1,"featured_media":0,"parent":0,"menu_order":0,"comment_status":"closed","ping_status":"closed","template":"elementor_header_footer","meta":{"_joinchat":[],"footnotes":""},"class_list":["post-804","page","type-page","status-publish","hentry"],"yoast_head":"<!-- This site is optimized with the Yoast SEO plugin v24.5 - https:\/\/yoast.com\/wordpress\/plugins\/seo\/ -->\n<title>Mejora del rendimiento acad\u00e9mico - Brain Connections<\/title>\n<meta name=\"description\" content=\"Dificultades de aprendizaje: p\u00e9rdidas de atenci\u00f3n, memoria, dificultad en lectoescritura o motricidad\" \/>\n<meta name=\"robots\" content=\"index, follow, max-snippet:-1, max-image-preview:large, max-video-preview:-1\" \/>\n<link rel=\"canonical\" href=\"https:\/\/www.brain-connections.com\/index.php\/dificultades-de-aprendizaje\/\" \/>\n<meta property=\"og:locale\" content=\"es_ES\" \/>\n<meta property=\"og:type\" content=\"article\" \/>\n<meta property=\"og:title\" content=\"Mejora del rendimiento acad\u00e9mico - Brain Connections\" \/>\n<meta property=\"og:description\" content=\"Dificultades de aprendizaje: p\u00e9rdidas de atenci\u00f3n, memoria, dificultad en lectoescritura o motricidad\" \/>\n<meta property=\"og:url\" content=\"https:\/\/www.brain-connections.com\/index.php\/dificultades-de-aprendizaje\/\" \/>\n<meta property=\"og:site_name\" content=\"Brain Connections\" \/>\n<meta property=\"article:modified_time\" content=\"2023-02-10T11:45:40+00:00\" \/>\n<meta name=\"twitter:card\" content=\"summary_large_image\" \/>\n<meta name=\"twitter:label1\" content=\"Tiempo de lectura\" \/>\n\t<meta name=\"twitter:data1\" content=\"3 minutos\" \/>\n<script type=\"application\/ld+json\" class=\"yoast-schema-graph\">{\"@context\":\"https:\/\/schema.org\",\"@graph\":[{\"@type\":\"WebPage\",\"@id\":\"https:\/\/www.brain-connections.com\/index.php\/dificultades-de-aprendizaje\/\",\"url\":\"https:\/\/www.brain-connections.com\/index.php\/dificultades-de-aprendizaje\/\",\"name\":\"Mejora del rendimiento acad\u00e9mico - Brain Connections\",\"isPartOf\":{\"@id\":\"https:\/\/www.brain-connections.com\/#website\"},\"datePublished\":\"2022-10-26T12:27:09+00:00\",\"dateModified\":\"2023-02-10T11:45:40+00:00\",\"description\":\"Dificultades de aprendizaje: p\u00e9rdidas de atenci\u00f3n, memoria, dificultad en lectoescritura o motricidad\",\"breadcrumb\":{\"@id\":\"https:\/\/www.brain-connections.com\/index.php\/dificultades-de-aprendizaje\/#breadcrumb\"},\"inLanguage\":\"es\",\"potentialAction\":[{\"@type\":\"ReadAction\",\"target\":[\"https:\/\/www.brain-connections.com\/index.php\/dificultades-de-aprendizaje\/\"]}]},{\"@type\":\"BreadcrumbList\",\"@id\":\"https:\/\/www.brain-connections.com\/index.php\/dificultades-de-aprendizaje\/#breadcrumb\",\"itemListElement\":[{\"@type\":\"ListItem\",\"position\":1,\"name\":\"Portada\",\"item\":\"https:\/\/www.brain-connections.com\/\"},{\"@type\":\"ListItem\",\"position\":2,\"name\":\"Mejora del rendimiento acad\u00e9mico\"}]},{\"@type\":\"WebSite\",\"@id\":\"https:\/\/www.brain-connections.com\/#website\",\"url\":\"https:\/\/www.brain-connections.com\/\",\"name\":\"Brain Connections\",\"description\":\"Terapia Visual en Beasain, Gipuzkoa\",\"publisher\":{\"@id\":\"https:\/\/www.brain-connections.com\/#organization\"},\"potentialAction\":[{\"@type\":\"SearchAction\",\"target\":{\"@type\":\"EntryPoint\",\"urlTemplate\":\"https:\/\/www.brain-connections.com\/?s={search_term_string}\"},\"query-input\":{\"@type\":\"PropertyValueSpecification\",\"valueRequired\":true,\"valueName\":\"search_term_string\"}}],\"inLanguage\":\"es\"},{\"@type\":\"Organization\",\"@id\":\"https:\/\/www.brain-connections.com\/#organization\",\"name\":\"Brain Connections\",\"url\":\"https:\/\/www.brain-connections.com\/\",\"logo\":{\"@type\":\"ImageObject\",\"inLanguage\":\"es\",\"@id\":\"https:\/\/www.brain-connections.com\/#\/schema\/logo\/image\/\",\"url\":\"https:\/\/www.brain-connections.com\/wp-content\/uploads\/2022\/08\/Logo-web-png.png\",\"contentUrl\":\"https:\/\/www.brain-connections.com\/wp-content\/uploads\/2022\/08\/Logo-web-png.png\",\"width\":630,\"height\":240,\"caption\":\"Brain Connections\"},\"image\":{\"@id\":\"https:\/\/www.brain-connections.com\/#\/schema\/logo\/image\/\"}}]}<\/script>\n<!-- \/ Yoast SEO plugin. -->","yoast_head_json":{"title":"Mejora del rendimiento acad\u00e9mico - Brain Connections","description":"Dificultades de aprendizaje: p\u00e9rdidas de atenci\u00f3n, memoria, dificultad en lectoescritura o motricidad","robots":{"index":"index","follow":"follow","max-snippet":"max-snippet:-1","max-image-preview":"max-image-preview:large","max-video-preview":"max-video-preview:-1"},"canonical":"https:\/\/www.brain-connections.com\/index.php\/dificultades-de-aprendizaje\/","og_locale":"es_ES","og_type":"article","og_title":"Mejora del rendimiento acad\u00e9mico - Brain Connections","og_description":"Dificultades de aprendizaje: p\u00e9rdidas de atenci\u00f3n, memoria, dificultad en lectoescritura o motricidad","og_url":"https:\/\/www.brain-connections.com\/index.php\/dificultades-de-aprendizaje\/","og_site_name":"Brain Connections","article_modified_time":"2023-02-10T11:45:40+00:00","twitter_card":"summary_large_image","twitter_misc":{"Tiempo de lectura":"3 minutos"},"schema":{"@context":"https:\/\/schema.org","@graph":[{"@type":"WebPage","@id":"https:\/\/www.brain-connections.com\/index.php\/dificultades-de-aprendizaje\/","url":"https:\/\/www.brain-connections.com\/index.php\/dificultades-de-aprendizaje\/","name":"Mejora del rendimiento acad\u00e9mico - Brain Connections","isPartOf":{"@id":"https:\/\/www.brain-connections.com\/#website"},"datePublished":"2022-10-26T12:27:09+00:00","dateModified":"2023-02-10T11:45:40+00:00","description":"Dificultades de aprendizaje: p\u00e9rdidas de atenci\u00f3n, memoria, dificultad en lectoescritura o motricidad","breadcrumb":{"@id":"https:\/\/www.brain-connections.com\/index.php\/dificultades-de-aprendizaje\/#breadcrumb"},"inLanguage":"es","potentialAction":[{"@type":"ReadAction","target":["https:\/\/www.brain-connections.com\/index.php\/dificultades-de-aprendizaje\/"]}]},{"@type":"BreadcrumbList","@id":"https:\/\/www.brain-connections.com\/index.php\/dificultades-de-aprendizaje\/#breadcrumb","itemListElement":[{"@type":"ListItem","position":1,"name":"Portada","item":"https:\/\/www.brain-connections.com\/"},{"@type":"ListItem","position":2,"name":"Mejora del rendimiento acad\u00e9mico"}]},{"@type":"WebSite","@id":"https:\/\/www.brain-connections.com\/#website","url":"https:\/\/www.brain-connections.com\/","name":"Brain Connections","description":"Terapia Visual en Beasain, Gipuzkoa","publisher":{"@id":"https:\/\/www.brain-connections.com\/#organization"},"potentialAction":[{"@type":"SearchAction","target":{"@type":"EntryPoint","urlTemplate":"https:\/\/www.brain-connections.com\/?s={search_term_string}"},"query-input":{"@type":"PropertyValueSpecification","valueRequired":true,"valueName":"search_term_string"}}],"inLanguage":"es"},{"@type":"Organization","@id":"https:\/\/www.brain-connections.com\/#organization","name":"Brain Connections","url":"https:\/\/www.brain-connections.com\/","logo":{"@type":"ImageObject","inLanguage":"es","@id":"https:\/\/www.brain-connections.com\/#\/schema\/logo\/image\/","url":"https:\/\/www.brain-connections.com\/wp-content\/uploads\/2022\/08\/Logo-web-png.png","contentUrl":"https:\/\/www.brain-connections.com\/wp-content\/uploads\/2022\/08\/Logo-web-png.png","width":630,"height":240,"caption":"Brain Connections"},"image":{"@id":"https:\/\/www.brain-connections.com\/#\/schema\/logo\/image\/"}}]}},"_links":{"self":[{"href":"https:\/\/www.brain-connections.com\/index.php\/wp-json\/wp\/v2\/pages\/804","targetHints":{"allow":["GET"]}}],"collection":[{"href":"https:\/\/www.brain-connections.com\/index.php\/wp-json\/wp\/v2\/pages"}],"about":[{"href":"https:\/\/www.brain-connections.com\/index.php\/wp-json\/wp\/v2\/types\/page"}],"author":[{"embeddable":true,"href":"https:\/\/www.brain-connections.com\/index.php\/wp-json\/wp\/v2\/users\/1"}],"replies":[{"embeddable":true,"href":"https:\/\/www.brain-connections.com\/index.php\/wp-json\/wp\/v2\/comments?post=804"}],"version-history":[{"count":37,"href":"https:\/\/www.brain-connections.com\/index.php\/wp-json\/wp\/v2\/pages\/804\/revisions"}],"predecessor-version":[{"id":1062,"href":"https:\/\/www.brain-connections.com\/index.php\/wp-json\/wp\/v2\/pages\/804\/revisions\/1062"}],"wp:attachment":[{"href":"https:\/\/www.brain-connections.com\/index.php\/wp-json\/wp\/v2\/media?parent=804"}],"curies":[{"name":"wp","href":"https:\/\/api.w.org\/{rel}","templated":true}]}}