{"id":799,"date":"2022-10-26T12:23:53","date_gmt":"2022-10-26T12:23:53","guid":{"rendered":"https:\/\/www.brain-connections.com\/?page_id=799"},"modified":"2023-01-05T12:02:20","modified_gmt":"2023-01-05T12:02:20","slug":"disfunciones-visuales","status":"publish","type":"page","link":"https:\/\/www.brain-connections.com\/index.php\/disfunciones-visuales\/","title":{"rendered":"Disfunciones visuales"},"content":{"rendered":"\t\t<div data-elementor-type=\"wp-page\" data-elementor-id=\"799\" class=\"elementor elementor-799\" data-elementor-post-type=\"page\">\n\t\t\t\t\t\t<section class=\"elementor-section elementor-top-section elementor-element elementor-element-610444f elementor-section-full_width elementor-section-height-default elementor-section-height-default\" data-id=\"610444f\" data-element_type=\"section\">\n\t\t\t\t\t\t<div class=\"elementor-container elementor-column-gap-no\">\n\t\t\t\t\t<div class=\"elementor-column elementor-col-100 elementor-top-column elementor-element elementor-element-5b256be\" data-id=\"5b256be\" data-element_type=\"column\">\n\t\t\t<div class=\"elementor-widget-wrap elementor-element-populated\">\n\t\t\t\t\t\t<div class=\"elementor-element elementor-element-27336c3 elementor-widget__width-auto elementor-absolute animated-slow elementor-view-default elementor-invisible elementor-widget elementor-widget-icon\" data-id=\"27336c3\" data-element_type=\"widget\" data-settings=\"{&quot;_position&quot;:&quot;absolute&quot;,&quot;motion_fx_motion_fx_scrolling&quot;:&quot;yes&quot;,&quot;motion_fx_rotateZ_effect&quot;:&quot;yes&quot;,&quot;motion_fx_devices&quot;:[&quot;desktop&quot;],&quot;_animation&quot;:&quot;fadeInLeft&quot;,&quot;motion_fx_scale_effect&quot;:&quot;yes&quot;,&quot;motion_fx_rotateZ_speed&quot;:{&quot;unit&quot;:&quot;px&quot;,&quot;size&quot;:1,&quot;sizes&quot;:[]},&quot;motion_fx_rotateZ_affectedRange&quot;:{&quot;unit&quot;:&quot;%&quot;,&quot;size&quot;:&quot;&quot;,&quot;sizes&quot;:{&quot;start&quot;:0,&quot;end&quot;:100}},&quot;motion_fx_scale_direction&quot;:&quot;out-in&quot;,&quot;motion_fx_scale_speed&quot;:{&quot;unit&quot;:&quot;px&quot;,&quot;size&quot;:4,&quot;sizes&quot;:[]},&quot;motion_fx_scale_range&quot;:{&quot;unit&quot;:&quot;%&quot;,&quot;size&quot;:&quot;&quot;,&quot;sizes&quot;:{&quot;start&quot;:20,&quot;end&quot;:80}}}\" data-widget_type=\"icon.default\">\n\t\t\t\t<div class=\"elementor-widget-container\">\n\t\t\t\t\t\t\t<div class=\"elementor-icon-wrapper\">\n\t\t\t<div class=\"elementor-icon\">\n\t\t\t<i aria-hidden=\"true\" class=\"icon icon-logo-ojo-rojo\"><\/i>\t\t\t<\/div>\n\t\t<\/div>\n\t\t\t\t\t\t<\/div>\n\t\t\t\t<\/div>\n\t\t\t\t<section class=\"elementor-section elementor-inner-section elementor-element elementor-element-120e12d elementor-section-boxed elementor-section-height-default elementor-section-height-default\" data-id=\"120e12d\" data-element_type=\"section\">\n\t\t\t\t\t\t<div class=\"elementor-container elementor-column-gap-no\">\n\t\t\t\t\t<div class=\"elementor-column elementor-col-100 elementor-inner-column elementor-element elementor-element-331f8c0\" data-id=\"331f8c0\" data-element_type=\"column\">\n\t\t\t<div class=\"elementor-widget-wrap elementor-element-populated\">\n\t\t\t\t\t\t<div class=\"elementor-element elementor-element-fea169b elementor-widget elementor-widget-heading\" data-id=\"fea169b\" data-element_type=\"widget\" data-widget_type=\"heading.default\">\n\t\t\t\t<div class=\"elementor-widget-container\">\n\t\t\t\t\t<h1 class=\"elementor-heading-title elementor-size-default\">DISFUNCIONES VISUALES<\/h1>\t\t\t\t<\/div>\n\t\t\t\t<\/div>\n\t\t\t\t<div class=\"elementor-element elementor-element-959b604 elementor-widget elementor-widget-text-editor\" data-id=\"959b604\" data-element_type=\"widget\" data-widget_type=\"text-editor.default\">\n\t\t\t\t<div class=\"elementor-widget-container\">\n\t\t\t\t\t\t\t\t\t<p>Actualmente los retos visuales a los que se enfrenta nuestro sistema visual son cada vez m\u00e1s exigentes. En nuestro d\u00eda a d\u00eda utilizamos nuestra visi\u00f3n const\u00e1temente: con la exposici\u00f3n a pantallas, conducci\u00f3n, trabajos en cerca o en la lectura<\/p><p>Esto significa que nuestro sistema visual debe tener una buena coordinaci\u00f3n entre ambos ojos, su enfoque debe ser adecuado, y la motricidad ocular precisa.<\/p><p>El tratamiento mediante terapia visual tiene como objetivo aumentar las herramientas visuales para que la persona pueda disminuir el estr\u00e9s de su sistema visual y mejorar su calidad de vida.<\/p>\t\t\t\t\t\t\t\t<\/div>\n\t\t\t\t<\/div>\n\t\t\t\t\t<\/div>\n\t\t<\/div>\n\t\t\t\t\t<\/div>\n\t\t<\/section>\n\t\t\t\t\t<\/div>\n\t\t<\/div>\n\t\t\t\t\t<\/div>\n\t\t<\/section>\n\t\t\t\t<\/div>\n\t\t","protected":false},"excerpt":{"rendered":"<p>DISFUNCIONES VISUALES Actualmente los retos visuales a los que se enfrenta nuestro sistema visual son cada vez m\u00e1s exigentes. En nuestro d\u00eda a d\u00eda utilizamos nuestra visi\u00f3n const\u00e1temente: con la exposici\u00f3n a pantallas, conducci\u00f3n, trabajos en cerca o en la lectura Esto significa que nuestro sistema visual debe tener una buena coordinaci\u00f3n entre ambos ojos, [&hellip;]<\/p>\n","protected":false},"author":1,"featured_media":0,"parent":0,"menu_order":0,"comment_status":"closed","ping_status":"closed","template":"elementor_header_footer","meta":{"_joinchat":[],"footnotes":""},"class_list":["post-799","page","type-page","status-publish","hentry"],"yoast_head":"<!-- This site is optimized with the Yoast SEO plugin v24.5 - https:\/\/yoast.com\/wordpress\/plugins\/seo\/ -->\n<title>Disfunciones visuales - Brain Connections<\/title>\n<meta name=\"description\" content=\"Tratamiento mediante terapia visual. Disfunciones visuales: refracci\u00f3n, problemas de enfoque, control de miop\u00eda o movimientos oculares.\" \/>\n<meta name=\"robots\" content=\"index, follow, max-snippet:-1, max-image-preview:large, max-video-preview:-1\" \/>\n<link rel=\"canonical\" href=\"https:\/\/www.brain-connections.com\/index.php\/disfunciones-visuales\/\" \/>\n<meta property=\"og:locale\" content=\"es_ES\" \/>\n<meta property=\"og:type\" content=\"article\" \/>\n<meta property=\"og:title\" content=\"Disfunciones visuales - Brain Connections\" \/>\n<meta property=\"og:description\" content=\"Tratamiento mediante terapia visual. Disfunciones visuales: refracci\u00f3n, problemas de enfoque, control de miop\u00eda o movimientos oculares.\" \/>\n<meta property=\"og:url\" content=\"https:\/\/www.brain-connections.com\/index.php\/disfunciones-visuales\/\" \/>\n<meta property=\"og:site_name\" content=\"Brain Connections\" \/>\n<meta property=\"article:modified_time\" content=\"2023-01-05T12:02:20+00:00\" \/>\n<meta name=\"twitter:card\" content=\"summary_large_image\" \/>\n<meta name=\"twitter:label1\" content=\"Tiempo de lectura\" \/>\n\t<meta name=\"twitter:data1\" content=\"1 minuto\" \/>\n<script type=\"application\/ld+json\" class=\"yoast-schema-graph\">{\"@context\":\"https:\/\/schema.org\",\"@graph\":[{\"@type\":\"WebPage\",\"@id\":\"https:\/\/www.brain-connections.com\/index.php\/disfunciones-visuales\/\",\"url\":\"https:\/\/www.brain-connections.com\/index.php\/disfunciones-visuales\/\",\"name\":\"Disfunciones visuales - Brain Connections\",\"isPartOf\":{\"@id\":\"https:\/\/www.brain-connections.com\/#website\"},\"datePublished\":\"2022-10-26T12:23:53+00:00\",\"dateModified\":\"2023-01-05T12:02:20+00:00\",\"description\":\"Tratamiento mediante terapia visual. Disfunciones visuales: refracci\u00f3n, problemas de enfoque, control de miop\u00eda o movimientos oculares.\",\"breadcrumb\":{\"@id\":\"https:\/\/www.brain-connections.com\/index.php\/disfunciones-visuales\/#breadcrumb\"},\"inLanguage\":\"es\",\"potentialAction\":[{\"@type\":\"ReadAction\",\"target\":[\"https:\/\/www.brain-connections.com\/index.php\/disfunciones-visuales\/\"]}]},{\"@type\":\"BreadcrumbList\",\"@id\":\"https:\/\/www.brain-connections.com\/index.php\/disfunciones-visuales\/#breadcrumb\",\"itemListElement\":[{\"@type\":\"ListItem\",\"position\":1,\"name\":\"Portada\",\"item\":\"https:\/\/www.brain-connections.com\/\"},{\"@type\":\"ListItem\",\"position\":2,\"name\":\"Disfunciones visuales\"}]},{\"@type\":\"WebSite\",\"@id\":\"https:\/\/www.brain-connections.com\/#website\",\"url\":\"https:\/\/www.brain-connections.com\/\",\"name\":\"Brain Connections\",\"description\":\"Terapia Visual en Beasain, Gipuzkoa\",\"publisher\":{\"@id\":\"https:\/\/www.brain-connections.com\/#organization\"},\"potentialAction\":[{\"@type\":\"SearchAction\",\"target\":{\"@type\":\"EntryPoint\",\"urlTemplate\":\"https:\/\/www.brain-connections.com\/?s={search_term_string}\"},\"query-input\":{\"@type\":\"PropertyValueSpecification\",\"valueRequired\":true,\"valueName\":\"search_term_string\"}}],\"inLanguage\":\"es\"},{\"@type\":\"Organization\",\"@id\":\"https:\/\/www.brain-connections.com\/#organization\",\"name\":\"Brain Connections\",\"url\":\"https:\/\/www.brain-connections.com\/\",\"logo\":{\"@type\":\"ImageObject\",\"inLanguage\":\"es\",\"@id\":\"https:\/\/www.brain-connections.com\/#\/schema\/logo\/image\/\",\"url\":\"https:\/\/www.brain-connections.com\/wp-content\/uploads\/2022\/08\/Logo-web-png.png\",\"contentUrl\":\"https:\/\/www.brain-connections.com\/wp-content\/uploads\/2022\/08\/Logo-web-png.png\",\"width\":630,\"height\":240,\"caption\":\"Brain Connections\"},\"image\":{\"@id\":\"https:\/\/www.brain-connections.com\/#\/schema\/logo\/image\/\"}}]}<\/script>\n<!-- \/ Yoast SEO plugin. -->","yoast_head_json":{"title":"Disfunciones visuales - Brain Connections","description":"Tratamiento mediante terapia visual. Disfunciones visuales: refracci\u00f3n, problemas de enfoque, control de miop\u00eda o movimientos oculares.","robots":{"index":"index","follow":"follow","max-snippet":"max-snippet:-1","max-image-preview":"max-image-preview:large","max-video-preview":"max-video-preview:-1"},"canonical":"https:\/\/www.brain-connections.com\/index.php\/disfunciones-visuales\/","og_locale":"es_ES","og_type":"article","og_title":"Disfunciones visuales - Brain Connections","og_description":"Tratamiento mediante terapia visual. Disfunciones visuales: refracci\u00f3n, problemas de enfoque, control de miop\u00eda o movimientos oculares.","og_url":"https:\/\/www.brain-connections.com\/index.php\/disfunciones-visuales\/","og_site_name":"Brain Connections","article_modified_time":"2023-01-05T12:02:20+00:00","twitter_card":"summary_large_image","twitter_misc":{"Tiempo de lectura":"1 minuto"},"schema":{"@context":"https:\/\/schema.org","@graph":[{"@type":"WebPage","@id":"https:\/\/www.brain-connections.com\/index.php\/disfunciones-visuales\/","url":"https:\/\/www.brain-connections.com\/index.php\/disfunciones-visuales\/","name":"Disfunciones visuales - Brain Connections","isPartOf":{"@id":"https:\/\/www.brain-connections.com\/#website"},"datePublished":"2022-10-26T12:23:53+00:00","dateModified":"2023-01-05T12:02:20+00:00","description":"Tratamiento mediante terapia visual. Disfunciones visuales: refracci\u00f3n, problemas de enfoque, control de miop\u00eda o movimientos oculares.","breadcrumb":{"@id":"https:\/\/www.brain-connections.com\/index.php\/disfunciones-visuales\/#breadcrumb"},"inLanguage":"es","potentialAction":[{"@type":"ReadAction","target":["https:\/\/www.brain-connections.com\/index.php\/disfunciones-visuales\/"]}]},{"@type":"BreadcrumbList","@id":"https:\/\/www.brain-connections.com\/index.php\/disfunciones-visuales\/#breadcrumb","itemListElement":[{"@type":"ListItem","position":1,"name":"Portada","item":"https:\/\/www.brain-connections.com\/"},{"@type":"ListItem","position":2,"name":"Disfunciones visuales"}]},{"@type":"WebSite","@id":"https:\/\/www.brain-connections.com\/#website","url":"https:\/\/www.brain-connections.com\/","name":"Brain Connections","description":"Terapia Visual en Beasain, Gipuzkoa","publisher":{"@id":"https:\/\/www.brain-connections.com\/#organization"},"potentialAction":[{"@type":"SearchAction","target":{"@type":"EntryPoint","urlTemplate":"https:\/\/www.brain-connections.com\/?s={search_term_string}"},"query-input":{"@type":"PropertyValueSpecification","valueRequired":true,"valueName":"search_term_string"}}],"inLanguage":"es"},{"@type":"Organization","@id":"https:\/\/www.brain-connections.com\/#organization","name":"Brain Connections","url":"https:\/\/www.brain-connections.com\/","logo":{"@type":"ImageObject","inLanguage":"es","@id":"https:\/\/www.brain-connections.com\/#\/schema\/logo\/image\/","url":"https:\/\/www.brain-connections.com\/wp-content\/uploads\/2022\/08\/Logo-web-png.png","contentUrl":"https:\/\/www.brain-connections.com\/wp-content\/uploads\/2022\/08\/Logo-web-png.png","width":630,"height":240,"caption":"Brain Connections"},"image":{"@id":"https:\/\/www.brain-connections.com\/#\/schema\/logo\/image\/"}}]}},"_links":{"self":[{"href":"https:\/\/www.brain-connections.com\/index.php\/wp-json\/wp\/v2\/pages\/799","targetHints":{"allow":["GET"]}}],"collection":[{"href":"https:\/\/www.brain-connections.com\/index.php\/wp-json\/wp\/v2\/pages"}],"about":[{"href":"https:\/\/www.brain-connections.com\/index.php\/wp-json\/wp\/v2\/types\/page"}],"author":[{"embeddable":true,"href":"https:\/\/www.brain-connections.com\/index.php\/wp-json\/wp\/v2\/users\/1"}],"replies":[{"embeddable":true,"href":"https:\/\/www.brain-connections.com\/index.php\/wp-json\/wp\/v2\/comments?post=799"}],"version-history":[{"count":32,"href":"https:\/\/www.brain-connections.com\/index.php\/wp-json\/wp\/v2\/pages\/799\/revisions"}],"predecessor-version":[{"id":980,"href":"https:\/\/www.brain-connections.com\/index.php\/wp-json\/wp\/v2\/pages\/799\/revisions\/980"}],"wp:attachment":[{"href":"https:\/\/www.brain-connections.com\/index.php\/wp-json\/wp\/v2\/media?parent=799"}],"curies":[{"name":"wp","href":"https:\/\/api.w.org\/{rel}","templated":true}]}}