{"id":792,"date":"2022-10-26T12:07:09","date_gmt":"2022-10-26T12:07:09","guid":{"rendered":"https:\/\/www.brain-connections.com\/?page_id=792"},"modified":"2023-01-05T11:32:32","modified_gmt":"2023-01-05T11:32:32","slug":"terapia-visual","status":"publish","type":"page","link":"https:\/\/www.brain-connections.com\/index.php\/terapia-visual\/","title":{"rendered":"Terapia Visual"},"content":{"rendered":"\t\t<div data-elementor-type=\"wp-page\" data-elementor-id=\"792\" class=\"elementor elementor-792\" data-elementor-post-type=\"page\">\n\t\t\t\t\t\t<section class=\"elementor-section elementor-top-section elementor-element elementor-element-4ed059c elementor-section-full_width elementor-section-height-default elementor-section-height-default\" data-id=\"4ed059c\" data-element_type=\"section\" data-settings=\"{&quot;background_background&quot;:&quot;classic&quot;}\">\n\t\t\t\t\t\t<div class=\"elementor-container elementor-column-gap-no\">\n\t\t\t\t\t<div class=\"elementor-column elementor-col-100 elementor-top-column elementor-element elementor-element-cb66c61\" data-id=\"cb66c61\" data-element_type=\"column\">\n\t\t\t<div class=\"elementor-widget-wrap elementor-element-populated\">\n\t\t\t\t\t\t<div class=\"elementor-element elementor-element-39fecd8 elementor-widget elementor-widget-heading\" data-id=\"39fecd8\" data-element_type=\"widget\" data-widget_type=\"heading.default\">\n\t\t\t\t<div class=\"elementor-widget-container\">\n\t\t\t\t\t<h1 class=\"elementor-heading-title elementor-size-default\">TERAPIA VISUAL<\/h1>\t\t\t\t<\/div>\n\t\t\t\t<\/div>\n\t\t\t\t<div class=\"elementor-element elementor-element-a91230b elementor-widget elementor-widget-text-editor\" data-id=\"a91230b\" data-element_type=\"widget\" data-widget_type=\"text-editor.default\">\n\t\t\t\t<div class=\"elementor-widget-container\">\n\t\t\t\t\t\t\t\t\t<p>Existen multitud de definiciones para el termino Terapia Visual, pero por su importancia empezaremos utilizando la del doctor Leonard Press en su libro \u201cApplied concepts in visi\u00f3n therapy\u201d<\/p>\t\t\t\t\t\t\t\t<\/div>\n\t\t\t\t<\/div>\n\t\t\t\t<div class=\"elementor-element elementor-element-72bce1c elementor-widget__width-inherit elementor-widget elementor-widget-text-editor\" data-id=\"72bce1c\" data-element_type=\"widget\" data-widget_type=\"text-editor.default\">\n\t\t\t\t<div class=\"elementor-widget-container\">\n\t\t\t\t\t\t\t\t\t<h4>\u201cEl arte y la ciencia de crear las condiciones necesarias para que el paciente desarrolle las habilidades visuales y as\u00ed pueda alcanzar un rendimiento visual \u00f3ptimo y confortable.\u201d<\/h4>\t\t\t\t\t\t\t\t<\/div>\n\t\t\t\t<\/div>\n\t\t\t\t\t<\/div>\n\t\t<\/div>\n\t\t\t\t\t<\/div>\n\t\t<\/section>\n\t\t\t\t<section class=\"elementor-section elementor-top-section elementor-element elementor-element-004cf4b elementor-section-full_width elementor-section-content-middle elementor-reverse-tablet elementor-reverse-mobile elementor-section-height-default elementor-section-height-default\" data-id=\"004cf4b\" data-element_type=\"section\">\n\t\t\t\t\t\t<div class=\"elementor-container elementor-column-gap-no\">\n\t\t\t\t\t<div class=\"elementor-column elementor-col-50 elementor-top-column elementor-element elementor-element-2745c0f\" data-id=\"2745c0f\" data-element_type=\"column\">\n\t\t\t<div class=\"elementor-widget-wrap elementor-element-populated\">\n\t\t\t\t\t\t<section class=\"elementor-section elementor-inner-section elementor-element elementor-element-71497ca elementor-section-full_width elementor-section-height-default elementor-section-height-default\" data-id=\"71497ca\" data-element_type=\"section\">\n\t\t\t\t\t\t<div class=\"elementor-container elementor-column-gap-no\">\n\t\t\t\t\t<div class=\"elementor-column elementor-col-100 elementor-inner-column elementor-element elementor-element-08a84c3\" data-id=\"08a84c3\" data-element_type=\"column\">\n\t\t\t<div class=\"elementor-widget-wrap\">\n\t\t\t\t\t\t\t<\/div>\n\t\t<\/div>\n\t\t\t\t\t<\/div>\n\t\t<\/section>\n\t\t\t\t<div class=\"elementor-element elementor-element-dc8fb9a elementor-widget elementor-widget-text-editor\" data-id=\"dc8fb9a\" data-element_type=\"widget\" data-widget_type=\"text-editor.default\">\n\t\t\t\t<div class=\"elementor-widget-container\">\n\t\t\t\t\t\t\t\t\t<p>Se trata de una agrupaci\u00f3n de m\u00e9todos y procedimientos enfocados a mejorar la eficacia del sistema visual cuando este sistema no puede ser mejorado con lentes o lentes de contacto.<\/p><p>Educamos a nuestros pacientes para que potencien su sistema visual y lo empleen de la mejor manera posible. Con la terapia visual queremos conseguir un sistema m\u00e1s eficiente, que sea capaz de distinguir, procesar y entender de manera m\u00e1s veloz la informaci\u00f3n recibida de manera visual.<\/p><p>La <strong>finalidad<\/strong> es posibilitar la prontitud y eficiencia en el proceso de recoger la informaci\u00f3n visual importante, permitiendo realizar de esta manera unos juicios m\u00e1s precisos y veloces. Esto otorga a la persona la capacidad de conseguir sus objetivos utilizando menos esfuerzo y energ\u00eda.<\/p><p>A lo largo del proceso de la terapia, los pacientes adquirir\u00e1n <strong>control en su sistema visual<\/strong> en circunstancias m\u00e1s o menos complejas. De esta manera, luego podr\u00e1n usarlo en sus tareas diarias. Para conseguir esto debemos presentar el procedimiento apropiado al nivel adecuado a cada paciente.<\/p><p><strong>Aportamos al paciente diferentes experiencias sensoriomotoras en circunstancias controladas de forma que el paciente reajusta su forma de mirar, ver o percibir mediante la creaci\u00f3n de nuevas v\u00edas neuronales.<\/strong> Normalmente cambiamos el patr\u00f3n que utilizaba el paciente ya que no funcionaba de manera \u00f3ptima y construimos uno m\u00e1s eficiente.<\/p><p>La visi\u00f3n se aprende en su sentido m\u00e1s evolutivo, es decir, al nacer tenemos la estructura visual, pero son las experiencias que vamos acumulando las que nos ense\u00f1an a percibir, procesar y entender la informaci\u00f3n visual. En pocas palabras, <strong>a ver se aprende.<\/strong><\/p><p><strong>La terapia visual<\/strong> es mucho m\u00e1s que un entrenamiento sensorio \u2013 muscular,<strong> es una reeducaci\u00f3n del paciente para que aprenda una nueva forma de ver y aumente su rendimiento.<\/strong> De esta forma no tendremos regresiones una vez adquiridos e integrados los conceptos y el paciente los usar\u00e1 siempre.<\/p>\t\t\t\t\t\t\t\t<\/div>\n\t\t\t\t<\/div>\n\t\t\t\t\t<\/div>\n\t\t<\/div>\n\t\t\t\t<div class=\"elementor-column elementor-col-50 elementor-top-column elementor-element elementor-element-7c87b1f\" data-id=\"7c87b1f\" data-element_type=\"column\">\n\t\t\t<div class=\"elementor-widget-wrap elementor-element-populated\">\n\t\t\t\t\t\t<div class=\"elementor-element elementor-element-9568a29 elementor-absolute elementor-view-default elementor-invisible elementor-widget elementor-widget-icon\" data-id=\"9568a29\" data-element_type=\"widget\" data-settings=\"{&quot;_position&quot;:&quot;absolute&quot;,&quot;_animation&quot;:&quot;fadeInRight&quot;}\" data-widget_type=\"icon.default\">\n\t\t\t\t<div class=\"elementor-widget-container\">\n\t\t\t\t\t\t\t<div class=\"elementor-icon-wrapper\">\n\t\t\t<div class=\"elementor-icon\">\n\t\t\t<i aria-hidden=\"true\" class=\"icon icon-logo-ojo-rojo\"><\/i>\t\t\t<\/div>\n\t\t<\/div>\n\t\t\t\t\t\t<\/div>\n\t\t\t\t<\/div>\n\t\t\t\t<div class=\"elementor-element elementor-element-96c248f elementor-widget__width-initial elementor-widget-tablet__width-initial animated-slow elementor-invisible elementor-widget elementor-widget-image\" data-id=\"96c248f\" data-element_type=\"widget\" data-settings=\"{&quot;_animation&quot;:&quot;fadeInRight&quot;}\" data-widget_type=\"image.default\">\n\t\t\t\t<div class=\"elementor-widget-container\">\n\t\t\t\t\t\t\t\t\t\t\t\t\t\t\t<img fetchpriority=\"high\" decoding=\"async\" width=\"418\" height=\"625\" src=\"https:\/\/www.brain-connections.com\/wp-content\/uploads\/2022\/08\/HomePage-About-img_1.jpg\" class=\"attachment-full size-full wp-image-113\" alt=\"\" srcset=\"https:\/\/www.brain-connections.com\/wp-content\/uploads\/2022\/08\/HomePage-About-img_1.jpg 418w, https:\/\/www.brain-connections.com\/wp-content\/uploads\/2022\/08\/HomePage-About-img_1-201x300.jpg 201w\" sizes=\"(max-width: 418px) 100vw, 418px\" \/>\t\t\t\t\t\t\t\t\t\t\t\t\t\t\t<\/div>\n\t\t\t\t<\/div>\n\t\t\t\t<div class=\"elementor-element elementor-element-897aad1 elementor-widget__width-initial elementor-widget-tablet__width-initial elementor-widget elementor-widget-image\" data-id=\"897aad1\" data-element_type=\"widget\" data-widget_type=\"image.default\">\n\t\t\t\t<div class=\"elementor-widget-container\">\n\t\t\t\t\t\t\t\t\t\t\t\t\t\t\t<img decoding=\"async\" width=\"526\" height=\"419\" src=\"https:\/\/www.brain-connections.com\/wp-content\/uploads\/2022\/08\/HomePage-About-img_2.jpg\" class=\"attachment-full size-full wp-image-114\" alt=\"\" srcset=\"https:\/\/www.brain-connections.com\/wp-content\/uploads\/2022\/08\/HomePage-About-img_2.jpg 526w, https:\/\/www.brain-connections.com\/wp-content\/uploads\/2022\/08\/HomePage-About-img_2-300x239.jpg 300w\" sizes=\"(max-width: 526px) 100vw, 526px\" \/>\t\t\t\t\t\t\t\t\t\t\t\t\t\t\t<\/div>\n\t\t\t\t<\/div>\n\t\t\t\t\t<\/div>\n\t\t<\/div>\n\t\t\t\t\t<\/div>\n\t\t<\/section>\n\t\t\t\t<section class=\"elementor-section elementor-top-section elementor-element elementor-element-0afe079 elementor-section-boxed elementor-section-height-default elementor-section-height-default\" data-id=\"0afe079\" data-element_type=\"section\">\n\t\t\t\t\t\t<div class=\"elementor-container elementor-column-gap-default\">\n\t\t\t\t\t<div class=\"elementor-column elementor-col-100 elementor-top-column elementor-element elementor-element-135403d\" data-id=\"135403d\" data-element_type=\"column\">\n\t\t\t<div class=\"elementor-widget-wrap elementor-element-populated\">\n\t\t\t\t\t\t<div class=\"elementor-element elementor-element-7ca7027 elementor-shape-rounded elementor-grid-0 e-grid-align-center elementor-widget elementor-widget-social-icons\" data-id=\"7ca7027\" data-element_type=\"widget\" data-widget_type=\"social-icons.default\">\n\t\t\t\t<div class=\"elementor-widget-container\">\n\t\t\t\t\t\t\t<div class=\"elementor-social-icons-wrapper elementor-grid\">\n\t\t\t\t\t\t\t<span class=\"elementor-grid-item\">\n\t\t\t\t\t<a class=\"elementor-icon elementor-social-icon elementor-social-icon-facebook elementor-repeater-item-691010a\" href=\"https:\/\/www.facebook.com\/profile.php?id=100085069243234\" target=\"_blank\">\n\t\t\t\t\t\t<span class=\"elementor-screen-only\">Facebook<\/span>\n\t\t\t\t\t\t<i class=\"fab fa-facebook\"><\/i>\t\t\t\t\t<\/a>\n\t\t\t\t<\/span>\n\t\t\t\t\t\t\t<span class=\"elementor-grid-item\">\n\t\t\t\t\t<a class=\"elementor-icon elementor-social-icon elementor-social-icon-instagram elementor-repeater-item-271017d\" href=\"https:\/\/www.instagram.com\/brainconnections.beasain\/\" target=\"_blank\">\n\t\t\t\t\t\t<span class=\"elementor-screen-only\">Instagram<\/span>\n\t\t\t\t\t\t<i class=\"fab fa-instagram\"><\/i>\t\t\t\t\t<\/a>\n\t\t\t\t<\/span>\n\t\t\t\t\t<\/div>\n\t\t\t\t\t\t<\/div>\n\t\t\t\t<\/div>\n\t\t\t\t\t<\/div>\n\t\t<\/div>\n\t\t\t\t\t<\/div>\n\t\t<\/section>\n\t\t\t\t<\/div>\n\t\t","protected":false},"excerpt":{"rendered":"<p>TERAPIA VISUAL Existen multitud de definiciones para el termino Terapia Visual, pero por su importancia empezaremos utilizando la del doctor Leonard Press en su libro \u201cApplied concepts in visi\u00f3n therapy\u201d \u201cEl arte y la ciencia de crear las condiciones necesarias para que el paciente desarrolle las habilidades visuales y as\u00ed pueda alcanzar un rendimiento visual [&hellip;]<\/p>\n","protected":false},"author":1,"featured_media":0,"parent":0,"menu_order":0,"comment_status":"closed","ping_status":"closed","template":"elementor_header_footer","meta":{"_joinchat":[],"footnotes":""},"class_list":["post-792","page","type-page","status-publish","hentry"],"yoast_head":"<!-- This site is optimized with the Yoast SEO plugin v24.5 - https:\/\/yoast.com\/wordpress\/plugins\/seo\/ -->\n<title>Terapia Visual - Brain Connections<\/title>\n<meta name=\"description\" content=\"La terapia visual es el arte y la ciencia de desarrollar las habilidades para alcanzar un rendimiento visual \u00f3ptimo y confortable\" \/>\n<meta name=\"robots\" content=\"index, follow, max-snippet:-1, max-image-preview:large, max-video-preview:-1\" \/>\n<link rel=\"canonical\" href=\"https:\/\/www.brain-connections.com\/index.php\/terapia-visual\/\" \/>\n<meta property=\"og:locale\" content=\"es_ES\" \/>\n<meta property=\"og:type\" content=\"article\" \/>\n<meta property=\"og:title\" content=\"Terapia Visual - Brain Connections\" \/>\n<meta property=\"og:description\" content=\"La terapia visual es el arte y la ciencia de desarrollar las habilidades para alcanzar un rendimiento visual \u00f3ptimo y confortable\" \/>\n<meta property=\"og:url\" content=\"https:\/\/www.brain-connections.com\/index.php\/terapia-visual\/\" \/>\n<meta property=\"og:site_name\" content=\"Brain Connections\" \/>\n<meta property=\"article:modified_time\" content=\"2023-01-05T11:32:32+00:00\" \/>\n<meta property=\"og:image\" content=\"https:\/\/www.brain-connections.com\/wp-content\/uploads\/2022\/08\/HomePage-About-img_1.jpg\" \/>\n<meta name=\"twitter:card\" content=\"summary_large_image\" \/>\n<meta name=\"twitter:label1\" content=\"Tiempo de lectura\" \/>\n\t<meta name=\"twitter:data1\" content=\"3 minutos\" \/>\n<script type=\"application\/ld+json\" class=\"yoast-schema-graph\">{\"@context\":\"https:\/\/schema.org\",\"@graph\":[{\"@type\":\"WebPage\",\"@id\":\"https:\/\/www.brain-connections.com\/index.php\/terapia-visual\/\",\"url\":\"https:\/\/www.brain-connections.com\/index.php\/terapia-visual\/\",\"name\":\"Terapia Visual - Brain Connections\",\"isPartOf\":{\"@id\":\"https:\/\/www.brain-connections.com\/#website\"},\"primaryImageOfPage\":{\"@id\":\"https:\/\/www.brain-connections.com\/index.php\/terapia-visual\/#primaryimage\"},\"image\":{\"@id\":\"https:\/\/www.brain-connections.com\/index.php\/terapia-visual\/#primaryimage\"},\"thumbnailUrl\":\"https:\/\/www.brain-connections.com\/wp-content\/uploads\/2022\/08\/HomePage-About-img_1.jpg\",\"datePublished\":\"2022-10-26T12:07:09+00:00\",\"dateModified\":\"2023-01-05T11:32:32+00:00\",\"description\":\"La terapia visual es el arte y la ciencia de desarrollar las habilidades para alcanzar un rendimiento visual \u00f3ptimo y confortable\",\"breadcrumb\":{\"@id\":\"https:\/\/www.brain-connections.com\/index.php\/terapia-visual\/#breadcrumb\"},\"inLanguage\":\"es\",\"potentialAction\":[{\"@type\":\"ReadAction\",\"target\":[\"https:\/\/www.brain-connections.com\/index.php\/terapia-visual\/\"]}]},{\"@type\":\"ImageObject\",\"inLanguage\":\"es\",\"@id\":\"https:\/\/www.brain-connections.com\/index.php\/terapia-visual\/#primaryimage\",\"url\":\"https:\/\/www.brain-connections.com\/wp-content\/uploads\/2022\/08\/HomePage-About-img_1.jpg\",\"contentUrl\":\"https:\/\/www.brain-connections.com\/wp-content\/uploads\/2022\/08\/HomePage-About-img_1.jpg\",\"width\":418,\"height\":625},{\"@type\":\"BreadcrumbList\",\"@id\":\"https:\/\/www.brain-connections.com\/index.php\/terapia-visual\/#breadcrumb\",\"itemListElement\":[{\"@type\":\"ListItem\",\"position\":1,\"name\":\"Portada\",\"item\":\"https:\/\/www.brain-connections.com\/\"},{\"@type\":\"ListItem\",\"position\":2,\"name\":\"Terapia Visual\"}]},{\"@type\":\"WebSite\",\"@id\":\"https:\/\/www.brain-connections.com\/#website\",\"url\":\"https:\/\/www.brain-connections.com\/\",\"name\":\"Brain Connections\",\"description\":\"Terapia Visual en Beasain, Gipuzkoa\",\"publisher\":{\"@id\":\"https:\/\/www.brain-connections.com\/#organization\"},\"potentialAction\":[{\"@type\":\"SearchAction\",\"target\":{\"@type\":\"EntryPoint\",\"urlTemplate\":\"https:\/\/www.brain-connections.com\/?s={search_term_string}\"},\"query-input\":{\"@type\":\"PropertyValueSpecification\",\"valueRequired\":true,\"valueName\":\"search_term_string\"}}],\"inLanguage\":\"es\"},{\"@type\":\"Organization\",\"@id\":\"https:\/\/www.brain-connections.com\/#organization\",\"name\":\"Brain Connections\",\"url\":\"https:\/\/www.brain-connections.com\/\",\"logo\":{\"@type\":\"ImageObject\",\"inLanguage\":\"es\",\"@id\":\"https:\/\/www.brain-connections.com\/#\/schema\/logo\/image\/\",\"url\":\"https:\/\/www.brain-connections.com\/wp-content\/uploads\/2022\/08\/Logo-web-png.png\",\"contentUrl\":\"https:\/\/www.brain-connections.com\/wp-content\/uploads\/2022\/08\/Logo-web-png.png\",\"width\":630,\"height\":240,\"caption\":\"Brain Connections\"},\"image\":{\"@id\":\"https:\/\/www.brain-connections.com\/#\/schema\/logo\/image\/\"}}]}<\/script>\n<!-- \/ Yoast SEO plugin. -->","yoast_head_json":{"title":"Terapia Visual - Brain Connections","description":"La terapia visual es el arte y la ciencia de desarrollar las habilidades para alcanzar un rendimiento visual \u00f3ptimo y confortable","robots":{"index":"index","follow":"follow","max-snippet":"max-snippet:-1","max-image-preview":"max-image-preview:large","max-video-preview":"max-video-preview:-1"},"canonical":"https:\/\/www.brain-connections.com\/index.php\/terapia-visual\/","og_locale":"es_ES","og_type":"article","og_title":"Terapia Visual - Brain Connections","og_description":"La terapia visual es el arte y la ciencia de desarrollar las habilidades para alcanzar un rendimiento visual \u00f3ptimo y confortable","og_url":"https:\/\/www.brain-connections.com\/index.php\/terapia-visual\/","og_site_name":"Brain Connections","article_modified_time":"2023-01-05T11:32:32+00:00","og_image":[{"url":"https:\/\/www.brain-connections.com\/wp-content\/uploads\/2022\/08\/HomePage-About-img_1.jpg","type":"","width":"","height":""}],"twitter_card":"summary_large_image","twitter_misc":{"Tiempo de lectura":"3 minutos"},"schema":{"@context":"https:\/\/schema.org","@graph":[{"@type":"WebPage","@id":"https:\/\/www.brain-connections.com\/index.php\/terapia-visual\/","url":"https:\/\/www.brain-connections.com\/index.php\/terapia-visual\/","name":"Terapia Visual - Brain Connections","isPartOf":{"@id":"https:\/\/www.brain-connections.com\/#website"},"primaryImageOfPage":{"@id":"https:\/\/www.brain-connections.com\/index.php\/terapia-visual\/#primaryimage"},"image":{"@id":"https:\/\/www.brain-connections.com\/index.php\/terapia-visual\/#primaryimage"},"thumbnailUrl":"https:\/\/www.brain-connections.com\/wp-content\/uploads\/2022\/08\/HomePage-About-img_1.jpg","datePublished":"2022-10-26T12:07:09+00:00","dateModified":"2023-01-05T11:32:32+00:00","description":"La terapia visual es el arte y la ciencia de desarrollar las habilidades para alcanzar un rendimiento visual \u00f3ptimo y confortable","breadcrumb":{"@id":"https:\/\/www.brain-connections.com\/index.php\/terapia-visual\/#breadcrumb"},"inLanguage":"es","potentialAction":[{"@type":"ReadAction","target":["https:\/\/www.brain-connections.com\/index.php\/terapia-visual\/"]}]},{"@type":"ImageObject","inLanguage":"es","@id":"https:\/\/www.brain-connections.com\/index.php\/terapia-visual\/#primaryimage","url":"https:\/\/www.brain-connections.com\/wp-content\/uploads\/2022\/08\/HomePage-About-img_1.jpg","contentUrl":"https:\/\/www.brain-connections.com\/wp-content\/uploads\/2022\/08\/HomePage-About-img_1.jpg","width":418,"height":625},{"@type":"BreadcrumbList","@id":"https:\/\/www.brain-connections.com\/index.php\/terapia-visual\/#breadcrumb","itemListElement":[{"@type":"ListItem","position":1,"name":"Portada","item":"https:\/\/www.brain-connections.com\/"},{"@type":"ListItem","position":2,"name":"Terapia Visual"}]},{"@type":"WebSite","@id":"https:\/\/www.brain-connections.com\/#website","url":"https:\/\/www.brain-connections.com\/","name":"Brain Connections","description":"Terapia Visual en Beasain, Gipuzkoa","publisher":{"@id":"https:\/\/www.brain-connections.com\/#organization"},"potentialAction":[{"@type":"SearchAction","target":{"@type":"EntryPoint","urlTemplate":"https:\/\/www.brain-connections.com\/?s={search_term_string}"},"query-input":{"@type":"PropertyValueSpecification","valueRequired":true,"valueName":"search_term_string"}}],"inLanguage":"es"},{"@type":"Organization","@id":"https:\/\/www.brain-connections.com\/#organization","name":"Brain Connections","url":"https:\/\/www.brain-connections.com\/","logo":{"@type":"ImageObject","inLanguage":"es","@id":"https:\/\/www.brain-connections.com\/#\/schema\/logo\/image\/","url":"https:\/\/www.brain-connections.com\/wp-content\/uploads\/2022\/08\/Logo-web-png.png","contentUrl":"https:\/\/www.brain-connections.com\/wp-content\/uploads\/2022\/08\/Logo-web-png.png","width":630,"height":240,"caption":"Brain Connections"},"image":{"@id":"https:\/\/www.brain-connections.com\/#\/schema\/logo\/image\/"}}]}},"_links":{"self":[{"href":"https:\/\/www.brain-connections.com\/index.php\/wp-json\/wp\/v2\/pages\/792","targetHints":{"allow":["GET"]}}],"collection":[{"href":"https:\/\/www.brain-connections.com\/index.php\/wp-json\/wp\/v2\/pages"}],"about":[{"href":"https:\/\/www.brain-connections.com\/index.php\/wp-json\/wp\/v2\/types\/page"}],"author":[{"embeddable":true,"href":"https:\/\/www.brain-connections.com\/index.php\/wp-json\/wp\/v2\/users\/1"}],"replies":[{"embeddable":true,"href":"https:\/\/www.brain-connections.com\/index.php\/wp-json\/wp\/v2\/comments?post=792"}],"version-history":[{"count":13,"href":"https:\/\/www.brain-connections.com\/index.php\/wp-json\/wp\/v2\/pages\/792\/revisions"}],"predecessor-version":[{"id":936,"href":"https:\/\/www.brain-connections.com\/index.php\/wp-json\/wp\/v2\/pages\/792\/revisions\/936"}],"wp:attachment":[{"href":"https:\/\/www.brain-connections.com\/index.php\/wp-json\/wp\/v2\/media?parent=792"}],"curies":[{"name":"wp","href":"https:\/\/api.w.org\/{rel}","templated":true}]}}